{"id":40,"date":"2015-03-25T09:36:36","date_gmt":"2015-03-25T08:36:36","guid":{"rendered":"http:\/\/www.onaetxea.com\/?page_id=40"},"modified":"2020-02-11T14:37:52","modified_gmt":"2020-02-11T13:37:52","slug":"la-casa","status":"publish","type":"page","link":"http:\/\/www.onaetxea.com\/?page_id=40","title":{"rendered":"La Casa"},"content":{"rendered":"<p>La Casa tiene capacidad para 12 personas distruibida en 3 habitaciones de matrimonio, 1 cuadruple y 1 doble. Ademas dispone de un sofa cama.<\/p>\n<p>Instalaciones<\/p>\n<ul>\n<li><strong>Exterior:<\/strong> Terraza.<\/li>\n<li><strong>Interior:<\/strong> Colecci\u00f3n de juegos, Lavadora, Microondas, Calefacci\u00f3n, Lavavajillas, Comedor, Cocina, Televisi\u00f3n, Sala de estar.<\/li>\n<li><strong>Situaci\u00f3n:<\/strong> En el casco urbano, Acceso asfaltado.<\/li>\n<\/ul>\n<!-- index.php -->\n<div\n\tclass=\"ngg-galleryoverview ngg-ajax-pagination-none\"\n\tid=\"ngg-gallery-7b965722a49bbe949a661f65cdfe040b-1\">\n\n    \t<div class=\"slideshowlink\">\n        <a href='http:\/\/www.onaetxea.com\/index.php\/nggallery\/slideshow?page_id=40'>[Mostrar presentaci\u00f3n de diapositivas]<\/a>\n\t\t\n\t<\/div>\n\t\t\t<!-- Thumbnails -->\n\t\t\t\t<div id=\"ngg-image-0\" class=\"ngg-gallery-thumbnail-box\" >\n\t\t\t\t        <div class=\"ngg-gallery-thumbnail\">\n            <a href=\"http:\/\/www.onaetxea.com\/wp-content\/gallery\/la-casa\/1_hab-2.c2.jpg\"\n               title=\"\"\n               data-src=\"http:\/\/www.onaetxea.com\/wp-content\/gallery\/la-casa\/1_hab-2.c2.jpg\"\n               data-thumbnail=\"http:\/\/www.onaetxea.com\/wp-content\/gallery\/la-casa\/thumbs\/thumbs_1_hab-2.c2.jpg\"\n               data-image-id=\"18\"\n               data-title=\"Habitaci\u00f3n\"\n               data-description=\"\"\n               data-image-slug=\"1_hab-2-c2\"\n               class=\"ngg-fancybox\" rel=\"7b965722a49bbe949a661f65cdfe040b\">\n                <img\n                    title=\"Habitaci\u00f3n\"\n                    alt=\"Habitaci\u00f3n\"\n                    src=\"http:\/\/www.onaetxea.com\/wp-content\/gallery\/la-casa\/thumbs\/thumbs_1_hab-2.c2.jpg\"\n                    width=\"240\"\n                    height=\"160\"\n                    style=\"max-width:100%;\"\n                \/>\n            <\/a>\n        <\/div>\n\t\t\t\t\t\t\t<\/div> \n\t\t\t\n        \n\t\t\t\t<div id=\"ngg-image-1\" class=\"ngg-gallery-thumbnail-box\" >\n\t\t\t\t        <div class=\"ngg-gallery-thumbnail\">\n            <a href=\"http:\/\/www.onaetxea.com\/wp-content\/gallery\/la-casa\/1_hab-1.2.jpg\"\n               title=\"\"\n               data-src=\"http:\/\/www.onaetxea.com\/wp-content\/gallery\/la-casa\/1_hab-1.2.jpg\"\n               data-thumbnail=\"http:\/\/www.onaetxea.com\/wp-content\/gallery\/la-casa\/thumbs\/thumbs_1_hab-1.2.jpg\"\n               data-image-id=\"21\"\n               data-title=\"Habitaci\u00f3n\"\n               data-description=\"\"\n               data-image-slug=\"1_hab-1-2\"\n               class=\"ngg-fancybox\" rel=\"7b965722a49bbe949a661f65cdfe040b\">\n                <img\n                    title=\"Habitaci\u00f3n\"\n                    alt=\"Habitaci\u00f3n\"\n                    src=\"http:\/\/www.onaetxea.com\/wp-content\/gallery\/la-casa\/thumbs\/thumbs_1_hab-1.2.jpg\"\n                    width=\"240\"\n                    height=\"160\"\n                    style=\"max-width:100%;\"\n                \/>\n            <\/a>\n        <\/div>\n\t\t\t\t\t\t\t<\/div> \n\t\t\t\n        \n\t\t\t\t<div id=\"ngg-image-2\" class=\"ngg-gallery-thumbnail-box\" >\n\t\t\t\t        <div class=\"ngg-gallery-thumbnail\">\n            <a href=\"http:\/\/www.onaetxea.com\/wp-content\/gallery\/la-casa\/1_hab-2.1.jpg\"\n               title=\"\"\n               data-src=\"http:\/\/www.onaetxea.com\/wp-content\/gallery\/la-casa\/1_hab-2.1.jpg\"\n               data-thumbnail=\"http:\/\/www.onaetxea.com\/wp-content\/gallery\/la-casa\/thumbs\/thumbs_1_hab-2.1.jpg\"\n               data-image-id=\"22\"\n               data-title=\"Habitaci\u00f3n\"\n               data-description=\"\"\n               data-image-slug=\"1_hab-2-1\"\n               class=\"ngg-fancybox\" rel=\"7b965722a49bbe949a661f65cdfe040b\">\n                <img\n                    title=\"Habitaci\u00f3n\"\n                    alt=\"Habitaci\u00f3n\"\n                    src=\"http:\/\/www.onaetxea.com\/wp-content\/gallery\/la-casa\/thumbs\/thumbs_1_hab-2.1.jpg\"\n                    width=\"240\"\n                    height=\"160\"\n                    style=\"max-width:100%;\"\n                \/>\n            <\/a>\n        <\/div>\n\t\t\t\t\t\t\t<\/div> \n\t\t\t\n        \n\t\t\t\t<div id=\"ngg-image-3\" class=\"ngg-gallery-thumbnail-box\" >\n\t\t\t\t        <div class=\"ngg-gallery-thumbnail\">\n            <a href=\"http:\/\/www.onaetxea.com\/wp-content\/gallery\/la-casa\/1_hab-2.c1.jpg\"\n               title=\"\"\n               data-src=\"http:\/\/www.onaetxea.com\/wp-content\/gallery\/la-casa\/1_hab-2.c1.jpg\"\n               data-thumbnail=\"http:\/\/www.onaetxea.com\/wp-content\/gallery\/la-casa\/thumbs\/thumbs_1_hab-2.c1.jpg\"\n               data-image-id=\"17\"\n               data-title=\"Habitaci\u00f3n\"\n               data-description=\"\"\n               data-image-slug=\"1_hab-2-c1\"\n               class=\"ngg-fancybox\" rel=\"7b965722a49bbe949a661f65cdfe040b\">\n                <img\n                    title=\"Habitaci\u00f3n\"\n                    alt=\"Habitaci\u00f3n\"\n                    src=\"http:\/\/www.onaetxea.com\/wp-content\/gallery\/la-casa\/thumbs\/thumbs_1_hab-2.c1.jpg\"\n                    width=\"240\"\n                    height=\"160\"\n                    style=\"max-width:100%;\"\n                \/>\n            <\/a>\n        <\/div>\n\t\t\t\t\t\t\t<\/div> \n\t\t\t\n        \n\t\t\t\t<div id=\"ngg-image-4\" class=\"ngg-gallery-thumbnail-box\" >\n\t\t\t\t        <div class=\"ngg-gallery-thumbnail\">\n            <a href=\"http:\/\/www.onaetxea.com\/wp-content\/gallery\/la-casa\/1_hab-1.1.jpg\"\n               title=\"\"\n               data-src=\"http:\/\/www.onaetxea.com\/wp-content\/gallery\/la-casa\/1_hab-1.1.jpg\"\n               data-thumbnail=\"http:\/\/www.onaetxea.com\/wp-content\/gallery\/la-casa\/thumbs\/thumbs_1_hab-1.1.jpg\"\n               data-image-id=\"20\"\n               data-title=\"Habitaci\u00f3n\"\n               data-description=\"\"\n               data-image-slug=\"1_hab-1-1\"\n               class=\"ngg-fancybox\" rel=\"7b965722a49bbe949a661f65cdfe040b\">\n                <img\n                    title=\"Habitaci\u00f3n\"\n                    alt=\"Habitaci\u00f3n\"\n                    src=\"http:\/\/www.onaetxea.com\/wp-content\/gallery\/la-casa\/thumbs\/thumbs_1_hab-1.1.jpg\"\n                    width=\"240\"\n                    height=\"160\"\n                    style=\"max-width:100%;\"\n                \/>\n            <\/a>\n        <\/div>\n\t\t\t\t\t\t\t<\/div> \n\t\t\t\n        \n\t\t\t\t<div id=\"ngg-image-5\" class=\"ngg-gallery-thumbnail-box\" >\n\t\t\t\t        <div class=\"ngg-gallery-thumbnail\">\n            <a href=\"http:\/\/www.onaetxea.com\/wp-content\/gallery\/la-casa\/1_hab-2.3.jpg\"\n               title=\"\"\n               data-src=\"http:\/\/www.onaetxea.com\/wp-content\/gallery\/la-casa\/1_hab-2.3.jpg\"\n               data-thumbnail=\"http:\/\/www.onaetxea.com\/wp-content\/gallery\/la-casa\/thumbs\/thumbs_1_hab-2.3.jpg\"\n               data-image-id=\"23\"\n               data-title=\"Habitaci\u00f3n\"\n               data-description=\"\"\n               data-image-slug=\"1_hab-2-3\"\n               class=\"ngg-fancybox\" rel=\"7b965722a49bbe949a661f65cdfe040b\">\n                <img\n                    title=\"Habitaci\u00f3n\"\n                    alt=\"Habitaci\u00f3n\"\n                    src=\"http:\/\/www.onaetxea.com\/wp-content\/gallery\/la-casa\/thumbs\/thumbs_1_hab-2.3.jpg\"\n                    width=\"240\"\n                    height=\"160\"\n                    style=\"max-width:100%;\"\n                \/>\n            <\/a>\n        <\/div>\n\t\t\t\t\t\t\t<\/div> \n\t\t\t\n        \n\t\t\t\t<div id=\"ngg-image-6\" class=\"ngg-gallery-thumbnail-box\" >\n\t\t\t\t        <div class=\"ngg-gallery-thumbnail\">\n            <a href=\"http:\/\/www.onaetxea.com\/wp-content\/gallery\/la-casa\/1_txoko.jpg\"\n               title=\"\"\n               data-src=\"http:\/\/www.onaetxea.com\/wp-content\/gallery\/la-casa\/1_txoko.jpg\"\n               data-thumbnail=\"http:\/\/www.onaetxea.com\/wp-content\/gallery\/la-casa\/thumbs\/thumbs_1_txoko.jpg\"\n               data-image-id=\"19\"\n               data-title=\"Txoko\"\n               data-description=\"\"\n               data-image-slug=\"1_txoko\"\n               class=\"ngg-fancybox\" rel=\"7b965722a49bbe949a661f65cdfe040b\">\n                <img\n                    title=\"Txoko\"\n                    alt=\"Txoko\"\n                    src=\"http:\/\/www.onaetxea.com\/wp-content\/gallery\/la-casa\/thumbs\/thumbs_1_txoko.jpg\"\n                    width=\"240\"\n                    height=\"160\"\n                    style=\"max-width:100%;\"\n                \/>\n            <\/a>\n        <\/div>\n\t\t\t\t\t\t\t<\/div> \n\t\t\t\n        \n\t\t\n\t\t<!-- Pagination -->\n\t<div class='ngg-clear'><\/div>\t<\/div>\n\n","protected":false},"excerpt":{"rendered":"<p>La Casa tiene capacidad para 12 personas distruibida en 3 habitaciones de matrimonio, 1 cuadruple y 1 doble. Ademas dispone de un sofa cama. Instalaciones Exterior: Terraza. Interior: Colecci\u00f3n de juegos, Lavadora, Microondas, Calefacci\u00f3n, Lavavajillas, Comedor, Cocina, Televisi\u00f3n, Sala de estar. Situaci\u00f3n: En el casco urbano, Acceso asfaltado.<\/p>\n","protected":false},"author":1,"featured_media":0,"parent":0,"menu_order":2,"comment_status":"open","ping_status":"open","template":"template-fullwidth.php","meta":{"_mi_skip_tracking":false,"ngg_post_thumbnail":0},"_links":{"self":[{"href":"http:\/\/www.onaetxea.com\/index.php?rest_route=\/wp\/v2\/pages\/40"}],"collection":[{"href":"http:\/\/www.onaetxea.com\/index.php?rest_route=\/wp\/v2\/pages"}],"about":[{"href":"http:\/\/www.onaetxea.com\/index.php?rest_route=\/wp\/v2\/types\/page"}],"author":[{"embeddable":true,"href":"http:\/\/www.onaetxea.com\/index.php?rest_route=\/wp\/v2\/users\/1"}],"replies":[{"embeddable":true,"href":"http:\/\/www.onaetxea.com\/index.php?rest_route=%2Fwp%2Fv2%2Fcomments&post=40"}],"version-history":[{"count":9,"href":"http:\/\/www.onaetxea.com\/index.php?rest_route=\/wp\/v2\/pages\/40\/revisions"}],"predecessor-version":[{"id":175,"href":"http:\/\/www.onaetxea.com\/index.php?rest_route=\/wp\/v2\/pages\/40\/revisions\/175"}],"wp:attachment":[{"href":"http:\/\/www.onaetxea.com\/index.php?rest_route=%2Fwp%2Fv2%2Fmedia&parent=40"}],"curies":[{"name":"wp","href":"https:\/\/api.w.org\/{rel}","templated":true}]}}